{"id":2,"date":"2024-02-11T08:54:28","date_gmt":"2024-02-11T08:54:28","guid":{"rendered":"https:\/\/neutrasolutions.com\/?page_id=2"},"modified":"2024-02-13T17:42:05","modified_gmt":"2024-02-13T17:42:05","slug":"sample-page","status":"publish","type":"page","link":"https:\/\/neutrasolutions.com\/index.php\/sample-page\/","title":{"rendered":"Presentaci\u00f3n"},"content":{"rendered":"\n<p><strong>Bienvenido a Neutra Solutions<\/strong><\/p>\n\n\n\n<blockquote class=\"wp-block-quote is-layout-flow wp-block-quote-is-layout-flow\">\n<p>Somos una empresa dedicada a la vanguardia de la transformaci\u00f3n digital, comprometidos con el desarrollo de soluciones tecnol\u00f3gicas innovadoras. Nuestra pasi\u00f3n es ayudar a las organizaciones a navegar por el complejo mundo de la tecnolog\u00eda, optimizando procesos y mejorando la eficiencia a trav\u00e9s de la inteligencia artificial y la digitalizaci\u00f3n.<\/p>\n\n\n\n<p>Con un equipo de expertos en tecnolog\u00eda y una s\u00f3lida trayectoria en la implementaci\u00f3n de soluciones personalizadas, Neutra Solutions est\u00e1 aqu\u00ed para convertir tus desaf\u00edos tecnol\u00f3gicos en oportunidades. Desde startups hasta corporaciones multinacionales, nuestro objetivo es impulsar el \u00e9xito de nuestros clientes en el din\u00e1mico entorno empresarial actual.<\/p>\n\n\n\n<p>Descubre c\u00f3mo podemos transformar tu negocio.<\/p>\n<\/blockquote>\n","protected":false},"excerpt":{"rendered":"<p>Bienvenido a Neutra Solutions Somos una empresa dedicada a la vanguardia de la transformaci\u00f3n digital, comprometidos con el desarrollo de soluciones tecnol\u00f3gicas innovadoras. Nuestra pasi\u00f3n es ayudar a las organizaciones a navegar por el complejo mundo de la tecnolog\u00eda, optimizando procesos y mejorando la eficiencia a trav\u00e9s de la inteligencia artificial y la digitalizaci\u00f3n. Con [&hellip;]<\/p>\n","protected":false},"author":1,"featured_media":0,"parent":0,"menu_order":0,"comment_status":"closed","ping_status":"open","template":"","meta":{"footnotes":""},"class_list":["post-2","page","type-page","status-publish","hentry"],"_links":{"self":[{"href":"https:\/\/neutrasolutions.com\/index.php\/wp-json\/wp\/v2\/pages\/2"}],"collection":[{"href":"https:\/\/neutrasolutions.com\/index.php\/wp-json\/wp\/v2\/pages"}],"about":[{"href":"https:\/\/neutrasolutions.com\/index.php\/wp-json\/wp\/v2\/types\/page"}],"author":[{"embeddable":true,"href":"https:\/\/neutrasolutions.com\/index.php\/wp-json\/wp\/v2\/users\/1"}],"replies":[{"embeddable":true,"href":"https:\/\/neutrasolutions.com\/index.php\/wp-json\/wp\/v2\/comments?post=2"}],"version-history":[{"count":2,"href":"https:\/\/neutrasolutions.com\/index.php\/wp-json\/wp\/v2\/pages\/2\/revisions"}],"predecessor-version":[{"id":19,"href":"https:\/\/neutrasolutions.com\/index.php\/wp-json\/wp\/v2\/pages\/2\/revisions\/19"}],"wp:attachment":[{"href":"https:\/\/neutrasolutions.com\/index.php\/wp-json\/wp\/v2\/media?parent=2"}],"curies":[{"name":"wp","href":"https:\/\/api.w.org\/{rel}","templated":true}]}}